{"id":4862,"date":"2021-01-11T00:47:51","date_gmt":"2021-01-10T23:47:51","guid":{"rendered":"https:\/\/www.primas.at\/?page_id=4862"},"modified":"2021-01-11T00:50:30","modified_gmt":"2021-01-10T23:50:30","slug":"johann-hoebart","status":"publish","type":"page","link":"https:\/\/www.primas.at\/en\/johann-hoebart\/","title":{"rendered":"Johann H\u00f6bart"},"content":{"rendered":"\t\t<div data-elementor-type=\"wp-page\" data-elementor-id=\"4862\" class=\"elementor elementor-4862 elementor-2153\" data-elementor-post-type=\"page\">\n\t\t\t\t\t\t<section class=\"elementor-section elementor-top-section elementor-element elementor-element-9e3cde4 elementor-section-stretched elementor-section-full_width elementor-section-height-default elementor-section-height-default\" data-id=\"9e3cde4\" data-element_type=\"section\" data-e-type=\"section\" data-settings=\"{&quot;stretch_section&quot;:&quot;section-stretched&quot;}\">\n\t\t\t\t\t\t<div class=\"elementor-container elementor-column-gap-default\">\n\t\t\t\t\t<div class=\"elementor-column elementor-col-100 elementor-top-column elementor-element elementor-element-722eceae\" data-id=\"722eceae\" data-element_type=\"column\" data-e-type=\"column\">\n\t\t\t<div class=\"elementor-widget-wrap elementor-element-populated\">\n\t\t\t\t\t\t<div class=\"elementor-element elementor-element-2bbe4f57 elementor-widget elementor-widget-image\" data-id=\"2bbe4f57\" data-element_type=\"widget\" data-e-type=\"widget\" data-widget_type=\"image.default\">\n\t\t\t\t<div class=\"elementor-widget-container\">\n\t\t\t\t\t\t\t\t\t\t\t\t\t\t\t<img fetchpriority=\"high\" decoding=\"async\" width=\"2560\" height=\"1147\" src=\"https:\/\/www.primas.at\/wp-content\/uploads\/2020\/12\/johann-hoebart-primas-scaled.jpg\" class=\"attachment-full size-full wp-image-2076\" alt=\"Johann H\u00f6bart\" srcset=\"https:\/\/www.primas.at\/wp-content\/uploads\/2020\/12\/johann-hoebart-primas-scaled.jpg 2560w, https:\/\/www.primas.at\/wp-content\/uploads\/2020\/12\/johann-hoebart-primas-scaled-300x134.jpg 300w, https:\/\/www.primas.at\/wp-content\/uploads\/2020\/12\/johann-hoebart-primas-1024x459.jpg 1024w, https:\/\/www.primas.at\/wp-content\/uploads\/2020\/12\/johann-hoebart-primas-768x344.jpg 768w, https:\/\/www.primas.at\/wp-content\/uploads\/2020\/12\/johann-hoebart-primas-1536x688.jpg 1536w, https:\/\/www.primas.at\/wp-content\/uploads\/2020\/12\/johann-hoebart-primas-2048x918.jpg 2048w\" sizes=\"(max-width: 2560px) 100vw, 2560px\" \/>\t\t\t\t\t\t\t\t\t\t\t\t\t\t\t<\/div>\n\t\t\t\t<\/div>\n\t\t\t\t\t<\/div>\n\t\t<\/div>\n\t\t\t\t\t<\/div>\n\t\t<\/section>\n\t\t\t\t<section class=\"elementor-section elementor-top-section elementor-element elementor-element-596f2f23 elementor-section-boxed elementor-section-height-default elementor-section-height-default\" data-id=\"596f2f23\" data-element_type=\"section\" data-e-type=\"section\">\n\t\t\t\t\t\t<div class=\"elementor-container elementor-column-gap-default\">\n\t\t\t\t\t<div class=\"elementor-column elementor-col-33 elementor-top-column elementor-element elementor-element-3852d33e\" data-id=\"3852d33e\" data-element_type=\"column\" data-e-type=\"column\">\n\t\t\t<div class=\"elementor-widget-wrap elementor-element-populated\">\n\t\t\t\t\t\t<div class=\"elementor-element elementor-element-1ceab5b6 elementor-widget elementor-widget-text-editor\" data-id=\"1ceab5b6\" data-element_type=\"widget\" data-e-type=\"widget\" data-widget_type=\"text-editor.default\">\n\t\t\t\t<div class=\"elementor-widget-container\">\n\t\t\t\t\t\t\t\t\t<p class=\"beratermail\"><a href=\"mailto:johann.h\u00f6bart@primas.at\"><img decoding=\"async\" class=\"alignnone wp-image-298\" src=\"https:\/\/www.primas.at\/wp-content\/uploads\/2020\/08\/mail-icon.png\" alt=\"Kontakt Ikon\" width=\"40\" height=\"43\" \/>johann.h\u00f6bart@primas.at<\/a><\/p>\t\t\t\t\t\t\t\t<\/div>\n\t\t\t\t<\/div>\n\t\t\t\t\t<\/div>\n\t\t<\/div>\n\t\t\t\t<div class=\"elementor-column elementor-col-66 elementor-top-column elementor-element elementor-element-350c8e97\" data-id=\"350c8e97\" data-element_type=\"column\" data-e-type=\"column\">\n\t\t\t<div class=\"elementor-widget-wrap elementor-element-populated\">\n\t\t\t\t\t\t<div class=\"elementor-element elementor-element-3d8c04d5 elementor-widget elementor-widget-heading\" data-id=\"3d8c04d5\" data-element_type=\"widget\" data-e-type=\"widget\" data-widget_type=\"heading.default\">\n\t\t\t\t<div class=\"elementor-widget-container\">\n\t\t\t\t\t<h1 class=\"elementor-heading-title elementor-size-default\">MMag. Dr. Johann H\u00f6bart\n<\/h1>\t\t\t\t<\/div>\n\t\t\t\t<\/div>\n\t\t\t\t<div class=\"elementor-element elementor-element-732ddb20 elementor-widget-divider--view-line elementor-widget elementor-widget-divider\" data-id=\"732ddb20\" data-element_type=\"widget\" data-e-type=\"widget\" data-widget_type=\"divider.default\">\n\t\t\t\t<div class=\"elementor-widget-container\">\n\t\t\t\t\t\t\t<div class=\"elementor-divider\">\n\t\t\t<span class=\"elementor-divider-separator\">\n\t\t\t\t\t\t<\/span>\n\t\t<\/div>\n\t\t\t\t\t\t<\/div>\n\t\t\t\t<\/div>\n\t\t\t\t<div class=\"elementor-element elementor-element-6586cef elementor-widget elementor-widget-heading\" data-id=\"6586cef\" data-element_type=\"widget\" data-e-type=\"widget\" data-widget_type=\"heading.default\">\n\t\t\t\t<div class=\"elementor-widget-container\">\n\t\t\t\t\t<h2 class=\"elementor-heading-title elementor-size-default\">Trainer, consultant\n<\/h2>\t\t\t\t<\/div>\n\t\t\t\t<\/div>\n\t\t\t\t<div class=\"elementor-element elementor-element-405e1b elementor-widget elementor-widget-heading\" data-id=\"405e1b\" data-element_type=\"widget\" data-e-type=\"widget\" data-widget_type=\"heading.default\">\n\t\t\t\t<div class=\"elementor-widget-container\">\n\t\t\t\t\t<h3 class=\"elementor-heading-title elementor-size-default\">EDUCATION &amp; ACADEMIC QUALIFICATION<\/h3>\t\t\t\t<\/div>\n\t\t\t\t<\/div>\n\t\t\t\t<div class=\"elementor-element elementor-element-4e1cdb36 elementor-widget elementor-widget-text-editor\" data-id=\"4e1cdb36\" data-element_type=\"widget\" data-e-type=\"widget\" data-widget_type=\"text-editor.default\">\n\t\t\t\t<div class=\"elementor-widget-container\">\n\t\t\t\t\t\t\t\t\t<ul>\n<li>Law degree from the University of Vienna, degree in economics from the University of Economics and Business Administration in Vienna with main focus Industrial management and Marketing<\/li>\n<li>Extensive experience with the creation of contracts and contract enforcement, risk management with international industrial arrangement construction projects<\/li>\n<li>Project manager for privatization, participation and M &amp; A projects in Hungary, Czech Republic, Slovakia and Austria<\/li>\n<li>Executive position in several large investment banks<\/li>\n<li>Partner of Primas CONSULTING<\/li>\n<\/ul>\n\t\t\t\t\t\t\t\t<\/div>\n\t\t\t\t<\/div>\n\t\t\t\t<div class=\"elementor-element elementor-element-736ca6df elementor-widget elementor-widget-heading\" data-id=\"736ca6df\" data-element_type=\"widget\" data-e-type=\"widget\" data-widget_type=\"heading.default\">\n\t\t\t\t<div class=\"elementor-widget-container\">\n\t\t\t\t\t<h3 class=\"elementor-heading-title elementor-size-default\">MAJOR SPECIALITIES<\/h3>\t\t\t\t<\/div>\n\t\t\t\t<\/div>\n\t\t\t\t<div class=\"elementor-element elementor-element-851adb2 elementor-widget elementor-widget-text-editor\" data-id=\"851adb2\" data-element_type=\"widget\" data-e-type=\"widget\" data-widget_type=\"text-editor.default\">\n\t\t\t\t<div class=\"elementor-widget-container\">\n\t\t\t\t\t\t\t\t\t<ul>\n<li>Project management<\/li>\n<li>Claim management<\/li>\n<li>Business planning and evaluation, finance<\/li>\n<li>Industry focus: IT, construction, automotive, health care, industrial sector<\/li>\n<\/ul>\t\t\t\t\t\t\t\t<\/div>\n\t\t\t\t<\/div>\n\t\t\t\t\t<\/div>\n\t\t<\/div>\n\t\t\t\t\t<\/div>\n\t\t<\/section>\n\t\t\t\t<\/div>\n\t\t","protected":false},"excerpt":{"rendered":"<p>johann.h\u00f6bart@primas.at MMag. Dr. Johann H\u00f6bart Trainer, consultant EDUCATION &amp; ACADEMIC QUALIFICATION Law degree from the University of Vienna, degree in economics from the University of Economics and Business Administration in Vienna with main focus Industrial management and Marketing Extensive experience with the creation of contracts and contract enforcement, risk management with international industrial arrangement construction [&hellip;]<\/p>\n","protected":false},"author":1,"featured_media":0,"parent":0,"menu_order":0,"comment_status":"closed","ping_status":"closed","template":"","meta":{"site-sidebar-layout":"no-sidebar","site-content-layout":"page-builder","ast-site-content-layout":"","site-content-style":"default","site-sidebar-style":"default","ast-global-header-display":"","ast-banner-title-visibility":"","ast-main-header-display":"","ast-hfb-above-header-display":"","ast-hfb-below-header-display":"","ast-hfb-mobile-header-display":"","site-post-title":"disabled","ast-breadcrumbs-content":"","ast-featured-img":"disabled","footer-sml-layout":"","theme-transparent-header-meta":"default","adv-header-id-meta":"","stick-header-meta":"","header-above-stick-meta":"","header-main-stick-meta":"","header-below-stick-meta":"","astra-migrate-meta-layouts":"default","ast-page-background-enabled":"default","ast-page-background-meta":{"desktop":{"background-color":"","background-image":"","background-repeat":"repeat","background-position":"center center","background-size":"auto","background-attachment":"scroll","background-type":"","background-media":"","overlay-type":"","overlay-color":"","overlay-gradient":""},"tablet":{"background-color":"","background-image":"","background-repeat":"repeat","background-position":"center center","background-size":"auto","background-attachment":"scroll","background-type":"","background-media":"","overlay-type":"","overlay-color":"","overlay-gradient":""},"mobile":{"background-color":"","background-image":"","background-repeat":"repeat","background-position":"center center","background-size":"auto","background-attachment":"scroll","background-type":"","background-media":"","overlay-type":"","overlay-color":"","overlay-gradient":""}},"ast-content-background-meta":{"desktop":{"background-color":"var(--ast-global-color-5)","background-image":"","background-repeat":"repeat","background-position":"center center","background-size":"auto","background-attachment":"scroll","background-type":"","background-media":"","overlay-type":"","overlay-color":"","overlay-gradient":""},"tablet":{"background-color":"var(--ast-global-color-5)","background-image":"","background-repeat":"repeat","background-position":"center center","background-size":"auto","background-attachment":"scroll","background-type":"","background-media":"","overlay-type":"","overlay-color":"","overlay-gradient":""},"mobile":{"background-color":"var(--ast-global-color-5)","background-image":"","background-repeat":"repeat","background-position":"center center","background-size":"auto","background-attachment":"scroll","background-type":"","background-media":"","overlay-type":"","overlay-color":"","overlay-gradient":""}},"footnotes":""},"class_list":["post-4862","page","type-page","status-publish","hentry"],"yoast_head":"<!-- This site is optimized with the Yoast SEO plugin v24.3 - https:\/\/yoast.com\/wordpress\/plugins\/seo\/ -->\n<title>Johann H\u00f6bart &#8211; Primas Consulting GmbH<\/title>\n<meta name=\"robots\" content=\"index, follow, max-snippet:-1, max-image-preview:large, max-video-preview:-1\" \/>\n<link rel=\"canonical\" href=\"https:\/\/www.primas.at\/en\/johann-hoebart\/\" \/>\n<meta property=\"og:locale\" content=\"en_US\" \/>\n<meta property=\"og:type\" content=\"article\" \/>\n<meta property=\"og:title\" content=\"Johann H\u00f6bart &#8211; Primas Consulting GmbH\" \/>\n<meta property=\"og:description\" content=\"johann.h\u00f6bart@primas.at MMag. Dr. Johann H\u00f6bart Trainer, consultant EDUCATION &amp; ACADEMIC QUALIFICATION Law degree from the University of Vienna, degree in economics from the University of Economics and Business Administration in Vienna with main focus Industrial management and Marketing Extensive experience with the creation of contracts and contract enforcement, risk management with international industrial arrangement construction [&hellip;]\" \/>\n<meta property=\"og:url\" content=\"https:\/\/www.primas.at\/en\/johann-hoebart\/\" \/>\n<meta property=\"og:site_name\" content=\"Primas Consulting GmbH\" \/>\n<meta property=\"article:publisher\" content=\"https:\/\/www.facebook.com\/PrimasConsulting\/\" \/>\n<meta property=\"article:modified_time\" content=\"2021-01-10T23:50:30+00:00\" \/>\n<meta property=\"og:image\" content=\"https:\/\/www.primas.at\/wp-content\/uploads\/2020\/12\/johann-hoebart-primas-scaled.jpg\" \/>\n<meta name=\"twitter:card\" content=\"summary_large_image\" \/>\n<meta name=\"twitter:label1\" content=\"Est. reading time\" \/>\n\t<meta name=\"twitter:data1\" content=\"1 minute\" \/>\n<script type=\"application\/ld+json\" class=\"yoast-schema-graph\">{\"@context\":\"https:\/\/schema.org\",\"@graph\":[{\"@type\":\"WebPage\",\"@id\":\"https:\/\/www.primas.at\/en\/johann-hoebart\/\",\"url\":\"https:\/\/www.primas.at\/en\/johann-hoebart\/\",\"name\":\"Johann H\u00f6bart &#8211; Primas Consulting GmbH\",\"isPartOf\":{\"@id\":\"https:\/\/www.primas.at\/en\/#website\"},\"primaryImageOfPage\":{\"@id\":\"https:\/\/www.primas.at\/en\/johann-hoebart\/#primaryimage\"},\"image\":{\"@id\":\"https:\/\/www.primas.at\/en\/johann-hoebart\/#primaryimage\"},\"thumbnailUrl\":\"https:\/\/www.primas.at\/wp-content\/uploads\/2020\/12\/johann-hoebart-primas-scaled.jpg\",\"datePublished\":\"2021-01-10T23:47:51+00:00\",\"dateModified\":\"2021-01-10T23:50:30+00:00\",\"breadcrumb\":{\"@id\":\"https:\/\/www.primas.at\/en\/johann-hoebart\/#breadcrumb\"},\"inLanguage\":\"en-US\",\"potentialAction\":[{\"@type\":\"ReadAction\",\"target\":[\"https:\/\/www.primas.at\/en\/johann-hoebart\/\"]}]},{\"@type\":\"ImageObject\",\"inLanguage\":\"en-US\",\"@id\":\"https:\/\/www.primas.at\/en\/johann-hoebart\/#primaryimage\",\"url\":\"https:\/\/www.primas.at\/wp-content\/uploads\/2020\/12\/johann-hoebart-primas-scaled.jpg\",\"contentUrl\":\"https:\/\/www.primas.at\/wp-content\/uploads\/2020\/12\/johann-hoebart-primas-scaled.jpg\"},{\"@type\":\"BreadcrumbList\",\"@id\":\"https:\/\/www.primas.at\/en\/johann-hoebart\/#breadcrumb\",\"itemListElement\":[{\"@type\":\"ListItem\",\"position\":1,\"name\":\"Startseite\",\"item\":\"https:\/\/www.primas.at\/en\/\"},{\"@type\":\"ListItem\",\"position\":2,\"name\":\"Johann H\u00f6bart\"}]},{\"@type\":\"WebSite\",\"@id\":\"https:\/\/www.primas.at\/en\/#website\",\"url\":\"https:\/\/www.primas.at\/en\/\",\"name\":\"Primas Consulting GmbH\",\"description\":\"Projektmanagement &amp; Unternehmensberatung\",\"publisher\":{\"@id\":\"https:\/\/www.primas.at\/en\/#organization\"},\"potentialAction\":[{\"@type\":\"SearchAction\",\"target\":{\"@type\":\"EntryPoint\",\"urlTemplate\":\"https:\/\/www.primas.at\/en\/?s={search_term_string}\"},\"query-input\":{\"@type\":\"PropertyValueSpecification\",\"valueRequired\":true,\"valueName\":\"search_term_string\"}}],\"inLanguage\":\"en-US\"},{\"@type\":\"Organization\",\"@id\":\"https:\/\/www.primas.at\/en\/#organization\",\"name\":\"Primas Consulting GmbH\",\"url\":\"https:\/\/www.primas.at\/en\/\",\"logo\":{\"@type\":\"ImageObject\",\"inLanguage\":\"en-US\",\"@id\":\"https:\/\/www.primas.at\/en\/#\/schema\/logo\/image\/\",\"url\":\"https:\/\/www.primas.at\/wp-content\/uploads\/2020\/06\/primas-logo.png\",\"contentUrl\":\"https:\/\/www.primas.at\/wp-content\/uploads\/2020\/06\/primas-logo.png\",\"width\":788,\"height\":242,\"caption\":\"Primas Consulting GmbH\"},\"image\":{\"@id\":\"https:\/\/www.primas.at\/en\/#\/schema\/logo\/image\/\"},\"sameAs\":[\"https:\/\/www.facebook.com\/PrimasConsulting\/\",\"https:\/\/www.linkedin.com\/company\/primas-consulting\/\",\"https:\/\/www.youtube.com\/channel\/UCl5lmcHL4Q3LqXZDKpMx5ww\"]}]}<\/script>\n<!-- \/ Yoast SEO plugin. -->","yoast_head_json":{"title":"Johann H\u00f6bart &#8211; Primas Consulting GmbH","robots":{"index":"index","follow":"follow","max-snippet":"max-snippet:-1","max-image-preview":"max-image-preview:large","max-video-preview":"max-video-preview:-1"},"canonical":"https:\/\/www.primas.at\/en\/johann-hoebart\/","og_locale":"en_US","og_type":"article","og_title":"Johann H\u00f6bart &#8211; Primas Consulting GmbH","og_description":"johann.h\u00f6bart@primas.at MMag. Dr. Johann H\u00f6bart Trainer, consultant EDUCATION &amp; ACADEMIC QUALIFICATION Law degree from the University of Vienna, degree in economics from the University of Economics and Business Administration in Vienna with main focus Industrial management and Marketing Extensive experience with the creation of contracts and contract enforcement, risk management with international industrial arrangement construction [&hellip;]","og_url":"https:\/\/www.primas.at\/en\/johann-hoebart\/","og_site_name":"Primas Consulting GmbH","article_publisher":"https:\/\/www.facebook.com\/PrimasConsulting\/","article_modified_time":"2021-01-10T23:50:30+00:00","og_image":[{"url":"https:\/\/www.primas.at\/wp-content\/uploads\/2020\/12\/johann-hoebart-primas-scaled.jpg","type":"","width":"","height":""}],"twitter_card":"summary_large_image","twitter_misc":{"Est. reading time":"1 minute"},"schema":{"@context":"https:\/\/schema.org","@graph":[{"@type":"WebPage","@id":"https:\/\/www.primas.at\/en\/johann-hoebart\/","url":"https:\/\/www.primas.at\/en\/johann-hoebart\/","name":"Johann H\u00f6bart &#8211; Primas Consulting GmbH","isPartOf":{"@id":"https:\/\/www.primas.at\/en\/#website"},"primaryImageOfPage":{"@id":"https:\/\/www.primas.at\/en\/johann-hoebart\/#primaryimage"},"image":{"@id":"https:\/\/www.primas.at\/en\/johann-hoebart\/#primaryimage"},"thumbnailUrl":"https:\/\/www.primas.at\/wp-content\/uploads\/2020\/12\/johann-hoebart-primas-scaled.jpg","datePublished":"2021-01-10T23:47:51+00:00","dateModified":"2021-01-10T23:50:30+00:00","breadcrumb":{"@id":"https:\/\/www.primas.at\/en\/johann-hoebart\/#breadcrumb"},"inLanguage":"en-US","potentialAction":[{"@type":"ReadAction","target":["https:\/\/www.primas.at\/en\/johann-hoebart\/"]}]},{"@type":"ImageObject","inLanguage":"en-US","@id":"https:\/\/www.primas.at\/en\/johann-hoebart\/#primaryimage","url":"https:\/\/www.primas.at\/wp-content\/uploads\/2020\/12\/johann-hoebart-primas-scaled.jpg","contentUrl":"https:\/\/www.primas.at\/wp-content\/uploads\/2020\/12\/johann-hoebart-primas-scaled.jpg"},{"@type":"BreadcrumbList","@id":"https:\/\/www.primas.at\/en\/johann-hoebart\/#breadcrumb","itemListElement":[{"@type":"ListItem","position":1,"name":"Startseite","item":"https:\/\/www.primas.at\/en\/"},{"@type":"ListItem","position":2,"name":"Johann H\u00f6bart"}]},{"@type":"WebSite","@id":"https:\/\/www.primas.at\/en\/#website","url":"https:\/\/www.primas.at\/en\/","name":"Primas Consulting GmbH","description":"Projektmanagement &amp; Unternehmensberatung","publisher":{"@id":"https:\/\/www.primas.at\/en\/#organization"},"potentialAction":[{"@type":"SearchAction","target":{"@type":"EntryPoint","urlTemplate":"https:\/\/www.primas.at\/en\/?s={search_term_string}"},"query-input":{"@type":"PropertyValueSpecification","valueRequired":true,"valueName":"search_term_string"}}],"inLanguage":"en-US"},{"@type":"Organization","@id":"https:\/\/www.primas.at\/en\/#organization","name":"Primas Consulting GmbH","url":"https:\/\/www.primas.at\/en\/","logo":{"@type":"ImageObject","inLanguage":"en-US","@id":"https:\/\/www.primas.at\/en\/#\/schema\/logo\/image\/","url":"https:\/\/www.primas.at\/wp-content\/uploads\/2020\/06\/primas-logo.png","contentUrl":"https:\/\/www.primas.at\/wp-content\/uploads\/2020\/06\/primas-logo.png","width":788,"height":242,"caption":"Primas Consulting GmbH"},"image":{"@id":"https:\/\/www.primas.at\/en\/#\/schema\/logo\/image\/"},"sameAs":["https:\/\/www.facebook.com\/PrimasConsulting\/","https:\/\/www.linkedin.com\/company\/primas-consulting\/","https:\/\/www.youtube.com\/channel\/UCl5lmcHL4Q3LqXZDKpMx5ww"]}]}},"_links":{"self":[{"href":"https:\/\/www.primas.at\/en\/wp-json\/wp\/v2\/pages\/4862"}],"collection":[{"href":"https:\/\/www.primas.at\/en\/wp-json\/wp\/v2\/pages"}],"about":[{"href":"https:\/\/www.primas.at\/en\/wp-json\/wp\/v2\/types\/page"}],"author":[{"embeddable":true,"href":"https:\/\/www.primas.at\/en\/wp-json\/wp\/v2\/users\/1"}],"replies":[{"embeddable":true,"href":"https:\/\/www.primas.at\/en\/wp-json\/wp\/v2\/comments?post=4862"}],"version-history":[{"count":0,"href":"https:\/\/www.primas.at\/en\/wp-json\/wp\/v2\/pages\/4862\/revisions"}],"wp:attachment":[{"href":"https:\/\/www.primas.at\/en\/wp-json\/wp\/v2\/media?parent=4862"}],"curies":[{"name":"wp","href":"https:\/\/api.w.org\/{rel}","templated":true}]}}