{"id":4846,"date":"2021-01-10T23:39:54","date_gmt":"2021-01-10T22:39:54","guid":{"rendered":"https:\/\/www.primas.at\/?page_id=4846"},"modified":"2021-01-11T00:35:15","modified_gmt":"2021-01-10T23:35:15","slug":"lajos-palvoelgyi","status":"publish","type":"page","link":"https:\/\/www.primas.at\/en\/lajos-palvoelgyi\/","title":{"rendered":"Lajos P\u00e1lv\u00f6lgyi"},"content":{"rendered":"\t\t<div data-elementor-type=\"wp-page\" data-elementor-id=\"4846\" class=\"elementor elementor-4846 elementor-2781\" data-elementor-post-type=\"page\">\n\t\t\t\t\t\t<section class=\"elementor-section elementor-top-section elementor-element elementor-element-6e49b55d elementor-section-stretched elementor-section-full_width elementor-section-height-default elementor-section-height-default\" data-id=\"6e49b55d\" data-element_type=\"section\" data-e-type=\"section\" data-settings=\"{&quot;stretch_section&quot;:&quot;section-stretched&quot;}\">\n\t\t\t\t\t\t<div class=\"elementor-container elementor-column-gap-default\">\n\t\t\t\t\t<div class=\"elementor-column elementor-col-100 elementor-top-column elementor-element elementor-element-5c6959e2\" data-id=\"5c6959e2\" data-element_type=\"column\" data-e-type=\"column\">\n\t\t\t<div class=\"elementor-widget-wrap elementor-element-populated\">\n\t\t\t\t\t\t<div class=\"elementor-element elementor-element-4ef503d8 elementor-widget elementor-widget-image\" data-id=\"4ef503d8\" data-element_type=\"widget\" data-e-type=\"widget\" data-widget_type=\"image.default\">\n\t\t\t\t<div class=\"elementor-widget-container\">\n\t\t\t\t\t\t\t\t\t\t\t\t\t\t\t<img fetchpriority=\"high\" decoding=\"async\" width=\"2560\" height=\"1147\" src=\"https:\/\/www.primas.at\/wp-content\/uploads\/2020\/12\/lajos-palvoelgyi-scaled.jpg\" class=\"attachment-full size-full wp-image-2096\" alt=\"Dr. Lajos P\u00e1lv\u00f6lgyi, PMP\" srcset=\"https:\/\/www.primas.at\/wp-content\/uploads\/2020\/12\/lajos-palvoelgyi-scaled.jpg 2560w, https:\/\/www.primas.at\/wp-content\/uploads\/2020\/12\/lajos-palvoelgyi-scaled-300x134.jpg 300w, https:\/\/www.primas.at\/wp-content\/uploads\/2020\/12\/lajos-palvoelgyi-1024x459.jpg 1024w, https:\/\/www.primas.at\/wp-content\/uploads\/2020\/12\/lajos-palvoelgyi-768x344.jpg 768w, https:\/\/www.primas.at\/wp-content\/uploads\/2020\/12\/lajos-palvoelgyi-1536x688.jpg 1536w, https:\/\/www.primas.at\/wp-content\/uploads\/2020\/12\/lajos-palvoelgyi-2048x918.jpg 2048w\" sizes=\"(max-width: 2560px) 100vw, 2560px\" \/>\t\t\t\t\t\t\t\t\t\t\t\t\t\t\t<\/div>\n\t\t\t\t<\/div>\n\t\t\t\t\t<\/div>\n\t\t<\/div>\n\t\t\t\t\t<\/div>\n\t\t<\/section>\n\t\t\t\t<section class=\"elementor-section elementor-top-section elementor-element elementor-element-1cff3b9c elementor-section-boxed elementor-section-height-default elementor-section-height-default\" data-id=\"1cff3b9c\" data-element_type=\"section\" data-e-type=\"section\">\n\t\t\t\t\t\t<div class=\"elementor-container elementor-column-gap-default\">\n\t\t\t\t\t<div class=\"elementor-column elementor-col-33 elementor-top-column elementor-element elementor-element-f65face\" data-id=\"f65face\" data-element_type=\"column\" data-e-type=\"column\">\n\t\t\t<div class=\"elementor-widget-wrap elementor-element-populated\">\n\t\t\t\t\t\t<div class=\"elementor-element elementor-element-8f201f8 elementor-widget elementor-widget-text-editor\" data-id=\"8f201f8\" data-element_type=\"widget\" data-e-type=\"widget\" data-widget_type=\"text-editor.default\">\n\t\t\t\t<div class=\"elementor-widget-container\">\n\t\t\t\t\t\t\t\t\t<p class=\"beratermail\"><a href=\"mailto:lajos.palv\u00f6lgyi@primas.at\"><img decoding=\"async\" class=\"alignnone wp-image-298\" src=\"https:\/\/www.primas.at\/wp-content\/uploads\/2020\/08\/mail-icon.png\" alt=\"Kontakt Ikon\" width=\"40\" height=\"43\" \/>lajos.palv\u00f6lgyi@primas.at<\/a><\/p>\t\t\t\t\t\t\t\t<\/div>\n\t\t\t\t<\/div>\n\t\t\t\t\t<\/div>\n\t\t<\/div>\n\t\t\t\t<div class=\"elementor-column elementor-col-66 elementor-top-column elementor-element elementor-element-59f95a11\" data-id=\"59f95a11\" data-element_type=\"column\" data-e-type=\"column\">\n\t\t\t<div class=\"elementor-widget-wrap elementor-element-populated\">\n\t\t\t\t\t\t<div class=\"elementor-element elementor-element-2b27b290 elementor-widget elementor-widget-heading\" data-id=\"2b27b290\" data-element_type=\"widget\" data-e-type=\"widget\" data-widget_type=\"heading.default\">\n\t\t\t\t<div class=\"elementor-widget-container\">\n\t\t\t\t\t<h1 class=\"elementor-heading-title elementor-size-default\">Dr. Lajos P\u00e1lv\u00f6lgyi, PMP\n<\/h1>\t\t\t\t<\/div>\n\t\t\t\t<\/div>\n\t\t\t\t<div class=\"elementor-element elementor-element-2dcc67a0 elementor-widget-divider--view-line elementor-widget elementor-widget-divider\" data-id=\"2dcc67a0\" data-element_type=\"widget\" data-e-type=\"widget\" data-widget_type=\"divider.default\">\n\t\t\t\t<div class=\"elementor-widget-container\">\n\t\t\t\t\t\t\t<div class=\"elementor-divider\">\n\t\t\t<span class=\"elementor-divider-separator\">\n\t\t\t\t\t\t<\/span>\n\t\t<\/div>\n\t\t\t\t\t\t<\/div>\n\t\t\t\t<\/div>\n\t\t\t\t<div class=\"elementor-element elementor-element-7120dd55 elementor-widget elementor-widget-heading\" data-id=\"7120dd55\" data-element_type=\"widget\" data-e-type=\"widget\" data-widget_type=\"heading.default\">\n\t\t\t\t<div class=\"elementor-widget-container\">\n\t\t\t\t\t<h2 class=\"elementor-heading-title elementor-size-default\">Trainer, consultant<\/h2>\t\t\t\t<\/div>\n\t\t\t\t<\/div>\n\t\t\t\t<div class=\"elementor-element elementor-element-4fae9526 elementor-widget elementor-widget-heading\" data-id=\"4fae9526\" data-element_type=\"widget\" data-e-type=\"widget\" data-widget_type=\"heading.default\">\n\t\t\t\t<div class=\"elementor-widget-container\">\n\t\t\t\t\t<h3 class=\"elementor-heading-title elementor-size-default\">EDUCATION &amp; ACADEMIC QUALIFICATION<\/h3>\t\t\t\t<\/div>\n\t\t\t\t<\/div>\n\t\t\t\t<div class=\"elementor-element elementor-element-498c15ce elementor-widget elementor-widget-text-editor\" data-id=\"498c15ce\" data-element_type=\"widget\" data-e-type=\"widget\" data-widget_type=\"text-editor.default\">\n\t\t\t\t<div class=\"elementor-widget-container\">\n\t\t\t\t\t\t\t\t\t<ul><li>Dr. univ. title, E\u00f6tv\u00f6s L\u00f3r\u00e1nd University of Sciences, Budapest<\/li><li>Several training courses in technology, project management, HR consulting methods, management, Train-the-Trainer<\/li><li>Certified PMP\u00a9 (Project Management Professional)<\/li><li>Research assistant at the Education Research Group at the MTA (Magyar Tudom\u00e1nyos Akad\u00e9mia) in Budapest<\/li><li>Research at the International Research Institute for Pedagogy, Frankfurt on the Main<\/li><li>Project management, project controlling, conduct of trainings in the IT industry; software development, system integration projects in various companies in Munich<\/li><li>Realization of various major projects in the Hungarian telecommunications sector<\/li><li>Managing Director, project manager of several projects, consultant of a personnel &amp; organization development company in Budapest<\/li><li>Managing Director of a consulting company in Budapest: realization of IT-projects, trainings in various branches<\/li><li>Founding member and Vice President of the PMI Budapest, Hungarian Chapter<\/li><li>Network partner of Primas CONSULTING<\/li><\/ul>\t\t\t\t\t\t\t\t<\/div>\n\t\t\t\t<\/div>\n\t\t\t\t<div class=\"elementor-element elementor-element-27d0d856 elementor-widget elementor-widget-heading\" data-id=\"27d0d856\" data-element_type=\"widget\" data-e-type=\"widget\" data-widget_type=\"heading.default\">\n\t\t\t\t<div class=\"elementor-widget-container\">\n\t\t\t\t\t<h3 class=\"elementor-heading-title elementor-size-default\">MAJOR SPECIALITIES<\/h3>\t\t\t\t<\/div>\n\t\t\t\t<\/div>\n\t\t\t\t<div class=\"elementor-element elementor-element-736fb239 elementor-widget elementor-widget-text-editor\" data-id=\"736fb239\" data-element_type=\"widget\" data-e-type=\"widget\" data-widget_type=\"text-editor.default\">\n\t\t\t\t<div class=\"elementor-widget-container\">\n\t\t\t\t\t\t\t\t\t<ul><li>Project Management<\/li><li>Claim Management<\/li><li>Communication and leadership in projects<\/li><li>Process Management und organizational development<\/li><\/ul>\t\t\t\t\t\t\t\t<\/div>\n\t\t\t\t<\/div>\n\t\t\t\t\t<\/div>\n\t\t<\/div>\n\t\t\t\t\t<\/div>\n\t\t<\/section>\n\t\t\t\t<\/div>\n\t\t","protected":false},"excerpt":{"rendered":"<p>lajos.palv\u00f6lgyi@primas.at Dr. Lajos P\u00e1lv\u00f6lgyi, PMP Trainer, consultant EDUCATION &#038; ACADEMIC QUALIFICATION Dr. univ. title, E\u00f6tv\u00f6s L\u00f3r\u00e1nd University of Sciences, Budapest Several training courses in technology, project management, HR consulting methods, management, Train-the-Trainer Certified PMP\u00a9 (Project Management Professional) Research assistant at the Education Research Group at the MTA (Magyar Tudom\u00e1nyos Akad\u00e9mia) in Budapest Research at the [&hellip;]<\/p>\n","protected":false},"author":1,"featured_media":0,"parent":0,"menu_order":0,"comment_status":"closed","ping_status":"closed","template":"","meta":{"site-sidebar-layout":"no-sidebar","site-content-layout":"page-builder","ast-site-content-layout":"","site-content-style":"default","site-sidebar-style":"default","ast-global-header-display":"","ast-banner-title-visibility":"","ast-main-header-display":"","ast-hfb-above-header-display":"","ast-hfb-below-header-display":"","ast-hfb-mobile-header-display":"","site-post-title":"disabled","ast-breadcrumbs-content":"","ast-featured-img":"disabled","footer-sml-layout":"","theme-transparent-header-meta":"default","adv-header-id-meta":"","stick-header-meta":"","header-above-stick-meta":"","header-main-stick-meta":"","header-below-stick-meta":"","astra-migrate-meta-layouts":"default","ast-page-background-enabled":"default","ast-page-background-meta":{"desktop":{"background-color":"","background-image":"","background-repeat":"repeat","background-position":"center center","background-size":"auto","background-attachment":"scroll","background-type":"","background-media":"","overlay-type":"","overlay-color":"","overlay-gradient":""},"tablet":{"background-color":"","background-image":"","background-repeat":"repeat","background-position":"center center","background-size":"auto","background-attachment":"scroll","background-type":"","background-media":"","overlay-type":"","overlay-color":"","overlay-gradient":""},"mobile":{"background-color":"","background-image":"","background-repeat":"repeat","background-position":"center center","background-size":"auto","background-attachment":"scroll","background-type":"","background-media":"","overlay-type":"","overlay-color":"","overlay-gradient":""}},"ast-content-background-meta":{"desktop":{"background-color":"var(--ast-global-color-5)","background-image":"","background-repeat":"repeat","background-position":"center center","background-size":"auto","background-attachment":"scroll","background-type":"","background-media":"","overlay-type":"","overlay-color":"","overlay-gradient":""},"tablet":{"background-color":"var(--ast-global-color-5)","background-image":"","background-repeat":"repeat","background-position":"center center","background-size":"auto","background-attachment":"scroll","background-type":"","background-media":"","overlay-type":"","overlay-color":"","overlay-gradient":""},"mobile":{"background-color":"var(--ast-global-color-5)","background-image":"","background-repeat":"repeat","background-position":"center center","background-size":"auto","background-attachment":"scroll","background-type":"","background-media":"","overlay-type":"","overlay-color":"","overlay-gradient":""}},"footnotes":""},"class_list":["post-4846","page","type-page","status-publish","hentry"],"yoast_head":"<!-- This site is optimized with the Yoast SEO plugin v24.3 - https:\/\/yoast.com\/wordpress\/plugins\/seo\/ -->\n<title>Lajos P\u00e1lv\u00f6lgyi &#8211; Primas Consulting GmbH<\/title>\n<meta name=\"robots\" content=\"index, follow, max-snippet:-1, max-image-preview:large, max-video-preview:-1\" \/>\n<link rel=\"canonical\" href=\"https:\/\/www.primas.at\/en\/lajos-palvoelgyi\/\" \/>\n<meta property=\"og:locale\" content=\"en_US\" \/>\n<meta property=\"og:type\" content=\"article\" \/>\n<meta property=\"og:title\" content=\"Lajos P\u00e1lv\u00f6lgyi &#8211; Primas Consulting GmbH\" \/>\n<meta property=\"og:description\" content=\"lajos.palv\u00f6lgyi@primas.at Dr. Lajos P\u00e1lv\u00f6lgyi, PMP Trainer, consultant EDUCATION &#038; ACADEMIC QUALIFICATION Dr. univ. title, E\u00f6tv\u00f6s L\u00f3r\u00e1nd University of Sciences, Budapest Several training courses in technology, project management, HR consulting methods, management, Train-the-Trainer Certified PMP\u00a9 (Project Management Professional) Research assistant at the Education Research Group at the MTA (Magyar Tudom\u00e1nyos Akad\u00e9mia) in Budapest Research at the [&hellip;]\" \/>\n<meta property=\"og:url\" content=\"https:\/\/www.primas.at\/en\/lajos-palvoelgyi\/\" \/>\n<meta property=\"og:site_name\" content=\"Primas Consulting GmbH\" \/>\n<meta property=\"article:publisher\" content=\"https:\/\/www.facebook.com\/PrimasConsulting\/\" \/>\n<meta property=\"article:modified_time\" content=\"2021-01-10T23:35:15+00:00\" \/>\n<meta property=\"og:image\" content=\"https:\/\/www.primas.at\/wp-content\/uploads\/2020\/12\/lajos-palvoelgyi-scaled.jpg\" \/>\n<meta name=\"twitter:card\" content=\"summary_large_image\" \/>\n<meta name=\"twitter:label1\" content=\"Est. reading time\" \/>\n\t<meta name=\"twitter:data1\" content=\"1 minute\" \/>\n<script type=\"application\/ld+json\" class=\"yoast-schema-graph\">{\"@context\":\"https:\/\/schema.org\",\"@graph\":[{\"@type\":\"WebPage\",\"@id\":\"https:\/\/www.primas.at\/en\/lajos-palvoelgyi\/\",\"url\":\"https:\/\/www.primas.at\/en\/lajos-palvoelgyi\/\",\"name\":\"Lajos P\u00e1lv\u00f6lgyi &#8211; Primas Consulting GmbH\",\"isPartOf\":{\"@id\":\"https:\/\/www.primas.at\/en\/#website\"},\"primaryImageOfPage\":{\"@id\":\"https:\/\/www.primas.at\/en\/lajos-palvoelgyi\/#primaryimage\"},\"image\":{\"@id\":\"https:\/\/www.primas.at\/en\/lajos-palvoelgyi\/#primaryimage\"},\"thumbnailUrl\":\"https:\/\/www.primas.at\/wp-content\/uploads\/2020\/12\/lajos-palvoelgyi-scaled.jpg\",\"datePublished\":\"2021-01-10T22:39:54+00:00\",\"dateModified\":\"2021-01-10T23:35:15+00:00\",\"breadcrumb\":{\"@id\":\"https:\/\/www.primas.at\/en\/lajos-palvoelgyi\/#breadcrumb\"},\"inLanguage\":\"en-US\",\"potentialAction\":[{\"@type\":\"ReadAction\",\"target\":[\"https:\/\/www.primas.at\/en\/lajos-palvoelgyi\/\"]}]},{\"@type\":\"ImageObject\",\"inLanguage\":\"en-US\",\"@id\":\"https:\/\/www.primas.at\/en\/lajos-palvoelgyi\/#primaryimage\",\"url\":\"https:\/\/www.primas.at\/wp-content\/uploads\/2020\/12\/lajos-palvoelgyi-scaled.jpg\",\"contentUrl\":\"https:\/\/www.primas.at\/wp-content\/uploads\/2020\/12\/lajos-palvoelgyi-scaled.jpg\"},{\"@type\":\"BreadcrumbList\",\"@id\":\"https:\/\/www.primas.at\/en\/lajos-palvoelgyi\/#breadcrumb\",\"itemListElement\":[{\"@type\":\"ListItem\",\"position\":1,\"name\":\"Startseite\",\"item\":\"https:\/\/www.primas.at\/en\/\"},{\"@type\":\"ListItem\",\"position\":2,\"name\":\"Lajos P\u00e1lv\u00f6lgyi\"}]},{\"@type\":\"WebSite\",\"@id\":\"https:\/\/www.primas.at\/en\/#website\",\"url\":\"https:\/\/www.primas.at\/en\/\",\"name\":\"Primas Consulting GmbH\",\"description\":\"Projektmanagement &amp; Unternehmensberatung\",\"publisher\":{\"@id\":\"https:\/\/www.primas.at\/en\/#organization\"},\"potentialAction\":[{\"@type\":\"SearchAction\",\"target\":{\"@type\":\"EntryPoint\",\"urlTemplate\":\"https:\/\/www.primas.at\/en\/?s={search_term_string}\"},\"query-input\":{\"@type\":\"PropertyValueSpecification\",\"valueRequired\":true,\"valueName\":\"search_term_string\"}}],\"inLanguage\":\"en-US\"},{\"@type\":\"Organization\",\"@id\":\"https:\/\/www.primas.at\/en\/#organization\",\"name\":\"Primas Consulting GmbH\",\"url\":\"https:\/\/www.primas.at\/en\/\",\"logo\":{\"@type\":\"ImageObject\",\"inLanguage\":\"en-US\",\"@id\":\"https:\/\/www.primas.at\/en\/#\/schema\/logo\/image\/\",\"url\":\"https:\/\/www.primas.at\/wp-content\/uploads\/2020\/06\/primas-logo.png\",\"contentUrl\":\"https:\/\/www.primas.at\/wp-content\/uploads\/2020\/06\/primas-logo.png\",\"width\":788,\"height\":242,\"caption\":\"Primas Consulting GmbH\"},\"image\":{\"@id\":\"https:\/\/www.primas.at\/en\/#\/schema\/logo\/image\/\"},\"sameAs\":[\"https:\/\/www.facebook.com\/PrimasConsulting\/\",\"https:\/\/www.linkedin.com\/company\/primas-consulting\/\",\"https:\/\/www.youtube.com\/channel\/UCl5lmcHL4Q3LqXZDKpMx5ww\"]}]}<\/script>\n<!-- \/ Yoast SEO plugin. -->","yoast_head_json":{"title":"Lajos P\u00e1lv\u00f6lgyi &#8211; Primas Consulting GmbH","robots":{"index":"index","follow":"follow","max-snippet":"max-snippet:-1","max-image-preview":"max-image-preview:large","max-video-preview":"max-video-preview:-1"},"canonical":"https:\/\/www.primas.at\/en\/lajos-palvoelgyi\/","og_locale":"en_US","og_type":"article","og_title":"Lajos P\u00e1lv\u00f6lgyi &#8211; Primas Consulting GmbH","og_description":"lajos.palv\u00f6lgyi@primas.at Dr. Lajos P\u00e1lv\u00f6lgyi, PMP Trainer, consultant EDUCATION &#038; ACADEMIC QUALIFICATION Dr. univ. title, E\u00f6tv\u00f6s L\u00f3r\u00e1nd University of Sciences, Budapest Several training courses in technology, project management, HR consulting methods, management, Train-the-Trainer Certified PMP\u00a9 (Project Management Professional) Research assistant at the Education Research Group at the MTA (Magyar Tudom\u00e1nyos Akad\u00e9mia) in Budapest Research at the [&hellip;]","og_url":"https:\/\/www.primas.at\/en\/lajos-palvoelgyi\/","og_site_name":"Primas Consulting GmbH","article_publisher":"https:\/\/www.facebook.com\/PrimasConsulting\/","article_modified_time":"2021-01-10T23:35:15+00:00","og_image":[{"url":"https:\/\/www.primas.at\/wp-content\/uploads\/2020\/12\/lajos-palvoelgyi-scaled.jpg","type":"","width":"","height":""}],"twitter_card":"summary_large_image","twitter_misc":{"Est. reading time":"1 minute"},"schema":{"@context":"https:\/\/schema.org","@graph":[{"@type":"WebPage","@id":"https:\/\/www.primas.at\/en\/lajos-palvoelgyi\/","url":"https:\/\/www.primas.at\/en\/lajos-palvoelgyi\/","name":"Lajos P\u00e1lv\u00f6lgyi &#8211; Primas Consulting GmbH","isPartOf":{"@id":"https:\/\/www.primas.at\/en\/#website"},"primaryImageOfPage":{"@id":"https:\/\/www.primas.at\/en\/lajos-palvoelgyi\/#primaryimage"},"image":{"@id":"https:\/\/www.primas.at\/en\/lajos-palvoelgyi\/#primaryimage"},"thumbnailUrl":"https:\/\/www.primas.at\/wp-content\/uploads\/2020\/12\/lajos-palvoelgyi-scaled.jpg","datePublished":"2021-01-10T22:39:54+00:00","dateModified":"2021-01-10T23:35:15+00:00","breadcrumb":{"@id":"https:\/\/www.primas.at\/en\/lajos-palvoelgyi\/#breadcrumb"},"inLanguage":"en-US","potentialAction":[{"@type":"ReadAction","target":["https:\/\/www.primas.at\/en\/lajos-palvoelgyi\/"]}]},{"@type":"ImageObject","inLanguage":"en-US","@id":"https:\/\/www.primas.at\/en\/lajos-palvoelgyi\/#primaryimage","url":"https:\/\/www.primas.at\/wp-content\/uploads\/2020\/12\/lajos-palvoelgyi-scaled.jpg","contentUrl":"https:\/\/www.primas.at\/wp-content\/uploads\/2020\/12\/lajos-palvoelgyi-scaled.jpg"},{"@type":"BreadcrumbList","@id":"https:\/\/www.primas.at\/en\/lajos-palvoelgyi\/#breadcrumb","itemListElement":[{"@type":"ListItem","position":1,"name":"Startseite","item":"https:\/\/www.primas.at\/en\/"},{"@type":"ListItem","position":2,"name":"Lajos P\u00e1lv\u00f6lgyi"}]},{"@type":"WebSite","@id":"https:\/\/www.primas.at\/en\/#website","url":"https:\/\/www.primas.at\/en\/","name":"Primas Consulting GmbH","description":"Projektmanagement &amp; Unternehmensberatung","publisher":{"@id":"https:\/\/www.primas.at\/en\/#organization"},"potentialAction":[{"@type":"SearchAction","target":{"@type":"EntryPoint","urlTemplate":"https:\/\/www.primas.at\/en\/?s={search_term_string}"},"query-input":{"@type":"PropertyValueSpecification","valueRequired":true,"valueName":"search_term_string"}}],"inLanguage":"en-US"},{"@type":"Organization","@id":"https:\/\/www.primas.at\/en\/#organization","name":"Primas Consulting GmbH","url":"https:\/\/www.primas.at\/en\/","logo":{"@type":"ImageObject","inLanguage":"en-US","@id":"https:\/\/www.primas.at\/en\/#\/schema\/logo\/image\/","url":"https:\/\/www.primas.at\/wp-content\/uploads\/2020\/06\/primas-logo.png","contentUrl":"https:\/\/www.primas.at\/wp-content\/uploads\/2020\/06\/primas-logo.png","width":788,"height":242,"caption":"Primas Consulting GmbH"},"image":{"@id":"https:\/\/www.primas.at\/en\/#\/schema\/logo\/image\/"},"sameAs":["https:\/\/www.facebook.com\/PrimasConsulting\/","https:\/\/www.linkedin.com\/company\/primas-consulting\/","https:\/\/www.youtube.com\/channel\/UCl5lmcHL4Q3LqXZDKpMx5ww"]}]}},"_links":{"self":[{"href":"https:\/\/www.primas.at\/en\/wp-json\/wp\/v2\/pages\/4846"}],"collection":[{"href":"https:\/\/www.primas.at\/en\/wp-json\/wp\/v2\/pages"}],"about":[{"href":"https:\/\/www.primas.at\/en\/wp-json\/wp\/v2\/types\/page"}],"author":[{"embeddable":true,"href":"https:\/\/www.primas.at\/en\/wp-json\/wp\/v2\/users\/1"}],"replies":[{"embeddable":true,"href":"https:\/\/www.primas.at\/en\/wp-json\/wp\/v2\/comments?post=4846"}],"version-history":[{"count":0,"href":"https:\/\/www.primas.at\/en\/wp-json\/wp\/v2\/pages\/4846\/revisions"}],"wp:attachment":[{"href":"https:\/\/www.primas.at\/en\/wp-json\/wp\/v2\/media?parent=4846"}],"curies":[{"name":"wp","href":"https:\/\/api.w.org\/{rel}","templated":true}]}}