{"id":3115,"date":"2020-12-29T14:21:51","date_gmt":"2020-12-29T13:21:51","guid":{"rendered":"https:\/\/www.primas.at\/?page_id=3115"},"modified":"2021-01-10T23:23:45","modified_gmt":"2021-01-10T22:23:45","slug":"guenter-hayek","status":"publish","type":"page","link":"https:\/\/www.primas.at\/en\/guenter-hayek\/","title":{"rendered":"G\u00fcnter Hayek"},"content":{"rendered":"\t\t<div data-elementor-type=\"wp-page\" data-elementor-id=\"3115\" class=\"elementor elementor-3115 elementor-2810\" data-elementor-post-type=\"page\">\n\t\t\t\t\t\t<section class=\"elementor-section elementor-top-section elementor-element elementor-element-33e7535d elementor-section-stretched elementor-section-full_width elementor-section-height-default elementor-section-height-default\" data-id=\"33e7535d\" data-element_type=\"section\" data-e-type=\"section\" data-settings=\"{&quot;stretch_section&quot;:&quot;section-stretched&quot;}\">\n\t\t\t\t\t\t<div class=\"elementor-container elementor-column-gap-default\">\n\t\t\t\t\t<div class=\"elementor-column elementor-col-100 elementor-top-column elementor-element elementor-element-504a9e25\" data-id=\"504a9e25\" data-element_type=\"column\" data-e-type=\"column\">\n\t\t\t<div class=\"elementor-widget-wrap elementor-element-populated\">\n\t\t\t\t\t\t<div class=\"elementor-element elementor-element-42c90346 elementor-widget elementor-widget-image\" data-id=\"42c90346\" data-element_type=\"widget\" data-e-type=\"widget\" data-widget_type=\"image.default\">\n\t\t\t\t<div class=\"elementor-widget-container\">\n\t\t\t\t\t\t\t\t\t\t\t\t\t\t\t<img fetchpriority=\"high\" decoding=\"async\" width=\"2560\" height=\"1147\" src=\"https:\/\/www.primas.at\/wp-content\/uploads\/2020\/12\/guenter-hayek-scaled.jpg\" class=\"attachment-full size-full wp-image-2098\" alt=\"G\u00fcnter Hayek\" srcset=\"https:\/\/www.primas.at\/wp-content\/uploads\/2020\/12\/guenter-hayek-scaled.jpg 2560w, https:\/\/www.primas.at\/wp-content\/uploads\/2020\/12\/guenter-hayek-scaled-300x134.jpg 300w, https:\/\/www.primas.at\/wp-content\/uploads\/2020\/12\/guenter-hayek-1024x459.jpg 1024w, https:\/\/www.primas.at\/wp-content\/uploads\/2020\/12\/guenter-hayek-768x344.jpg 768w, https:\/\/www.primas.at\/wp-content\/uploads\/2020\/12\/guenter-hayek-1536x688.jpg 1536w, https:\/\/www.primas.at\/wp-content\/uploads\/2020\/12\/guenter-hayek-2048x918.jpg 2048w\" sizes=\"(max-width: 2560px) 100vw, 2560px\" \/>\t\t\t\t\t\t\t\t\t\t\t\t\t\t\t<\/div>\n\t\t\t\t<\/div>\n\t\t\t\t\t<\/div>\n\t\t<\/div>\n\t\t\t\t\t<\/div>\n\t\t<\/section>\n\t\t\t\t<section class=\"elementor-section elementor-top-section elementor-element elementor-element-33157a39 elementor-section-boxed elementor-section-height-default elementor-section-height-default\" data-id=\"33157a39\" data-element_type=\"section\" data-e-type=\"section\">\n\t\t\t\t\t\t<div class=\"elementor-container elementor-column-gap-default\">\n\t\t\t\t\t<div class=\"elementor-column elementor-col-33 elementor-top-column elementor-element elementor-element-7f77e76c\" data-id=\"7f77e76c\" data-element_type=\"column\" data-e-type=\"column\">\n\t\t\t<div class=\"elementor-widget-wrap elementor-element-populated\">\n\t\t\t\t\t\t<div class=\"elementor-element elementor-element-67fc797d elementor-widget elementor-widget-text-editor\" data-id=\"67fc797d\" data-element_type=\"widget\" data-e-type=\"widget\" data-widget_type=\"text-editor.default\">\n\t\t\t\t<div class=\"elementor-widget-container\">\n\t\t\t\t\t\t\t\t\t<p class=\"beratermail\"><a href=\"mailto:g\u00fcnter.hayek@primas.at\" data-wp-editing=\"1\"><img decoding=\"async\" class=\"alignnone wp-image-298\" src=\"https:\/\/www.primas.at\/wp-content\/uploads\/2020\/08\/mail-icon.png\" alt=\"Kontakt Ikon\" width=\"40\" height=\"43\" \/>g\u00fcnter.hayek@primas.at<\/a><\/p>\t\t\t\t\t\t\t\t<\/div>\n\t\t\t\t<\/div>\n\t\t\t\t\t<\/div>\n\t\t<\/div>\n\t\t\t\t<div class=\"elementor-column elementor-col-66 elementor-top-column elementor-element elementor-element-593d655a\" data-id=\"593d655a\" data-element_type=\"column\" data-e-type=\"column\">\n\t\t\t<div class=\"elementor-widget-wrap elementor-element-populated\">\n\t\t\t\t\t\t<div class=\"elementor-element elementor-element-4c9a0742 elementor-widget elementor-widget-heading\" data-id=\"4c9a0742\" data-element_type=\"widget\" data-e-type=\"widget\" data-widget_type=\"heading.default\">\n\t\t\t\t<div class=\"elementor-widget-container\">\n\t\t\t\t\t<h1 class=\"elementor-heading-title elementor-size-default\">Mag. G\u00fcnter Hayek\n<\/h1>\t\t\t\t<\/div>\n\t\t\t\t<\/div>\n\t\t\t\t<div class=\"elementor-element elementor-element-550823b7 elementor-widget-divider--view-line elementor-widget elementor-widget-divider\" data-id=\"550823b7\" data-element_type=\"widget\" data-e-type=\"widget\" data-widget_type=\"divider.default\">\n\t\t\t\t<div class=\"elementor-widget-container\">\n\t\t\t\t\t\t\t<div class=\"elementor-divider\">\n\t\t\t<span class=\"elementor-divider-separator\">\n\t\t\t\t\t\t<\/span>\n\t\t<\/div>\n\t\t\t\t\t\t<\/div>\n\t\t\t\t<\/div>\n\t\t\t\t<div class=\"elementor-element elementor-element-41ebec07 elementor-widget elementor-widget-heading\" data-id=\"41ebec07\" data-element_type=\"widget\" data-e-type=\"widget\" data-widget_type=\"heading.default\">\n\t\t\t\t<div class=\"elementor-widget-container\">\n\t\t\t\t\t<h2 class=\"elementor-heading-title elementor-size-default\">Trainer, consultant<\/h2>\t\t\t\t<\/div>\n\t\t\t\t<\/div>\n\t\t\t\t<div class=\"elementor-element elementor-element-1321962c elementor-widget elementor-widget-heading\" data-id=\"1321962c\" data-element_type=\"widget\" data-e-type=\"widget\" data-widget_type=\"heading.default\">\n\t\t\t\t<div class=\"elementor-widget-container\">\n\t\t\t\t\t<h3 class=\"elementor-heading-title elementor-size-default\">QUALIFICATIONS &amp; PROFESSIONAL EXPERIENCE\n<\/h3>\t\t\t\t<\/div>\n\t\t\t\t<\/div>\n\t\t\t\t<div class=\"elementor-element elementor-element-1f38874a elementor-widget elementor-widget-text-editor\" data-id=\"1f38874a\" data-element_type=\"widget\" data-e-type=\"widget\" data-widget_type=\"text-editor.default\">\n\t\t\t\t<div class=\"elementor-widget-container\">\n\t\t\t\t\t\t\t\t\t<ul>\n<li>Studied Law at the University of Vienna<\/li>\n<li>Legal departments of international industrial and construction companies&nbsp;<\/li>\n<\/ul>\t\t\t\t\t\t\t\t<\/div>\n\t\t\t\t<\/div>\n\t\t\t\t<div class=\"elementor-element elementor-element-2ae7c73c elementor-widget elementor-widget-heading\" data-id=\"2ae7c73c\" data-element_type=\"widget\" data-e-type=\"widget\" data-widget_type=\"heading.default\">\n\t\t\t\t<div class=\"elementor-widget-container\">\n\t\t\t\t\t<h3 class=\"elementor-heading-title elementor-size-default\">CURRENT FOCUS<\/h3>\t\t\t\t<\/div>\n\t\t\t\t<\/div>\n\t\t\t\t<div class=\"elementor-element elementor-element-54a44f80 elementor-widget elementor-widget-text-editor\" data-id=\"54a44f80\" data-element_type=\"widget\" data-e-type=\"widget\" data-widget_type=\"text-editor.default\">\n\t\t\t\t<div class=\"elementor-widget-container\">\n\t\t\t\t\t\t\t\t\t<ul>\n<li>Contract and procurement law<\/li>\n<li>&#8220;Legal project management&#8221; in crisis projects<\/li>\n<li>Judicial and extrajudicial disputes<\/li>\n<li>Editor of the journal for law in the construction industry<\/li>\n<\/ul>\t\t\t\t\t\t\t\t<\/div>\n\t\t\t\t<\/div>\n\t\t\t\t\t<\/div>\n\t\t<\/div>\n\t\t\t\t\t<\/div>\n\t\t<\/section>\n\t\t\t\t<\/div>\n\t\t","protected":false},"excerpt":{"rendered":"<p>g\u00fcnter.hayek@primas.at Mag. G\u00fcnter Hayek Trainer, consultant QUALIFICATIONS &#038; PROFESSIONAL EXPERIENCE Studied Law at the University of Vienna Legal departments of international industrial and construction companies&nbsp; CURRENT FOCUS Contract and procurement law &#8220;Legal project management&#8221; in crisis projects Judicial and extrajudicial disputes Editor of the journal for law in the construction industry<\/p>\n","protected":false},"author":1,"featured_media":0,"parent":0,"menu_order":0,"comment_status":"closed","ping_status":"closed","template":"","meta":{"site-sidebar-layout":"no-sidebar","site-content-layout":"page-builder","ast-site-content-layout":"","site-content-style":"default","site-sidebar-style":"default","ast-global-header-display":"","ast-banner-title-visibility":"","ast-main-header-display":"","ast-hfb-above-header-display":"","ast-hfb-below-header-display":"","ast-hfb-mobile-header-display":"","site-post-title":"disabled","ast-breadcrumbs-content":"","ast-featured-img":"disabled","footer-sml-layout":"","theme-transparent-header-meta":"default","adv-header-id-meta":"","stick-header-meta":"","header-above-stick-meta":"","header-main-stick-meta":"","header-below-stick-meta":"","astra-migrate-meta-layouts":"default","ast-page-background-enabled":"default","ast-page-background-meta":{"desktop":{"background-color":"","background-image":"","background-repeat":"repeat","background-position":"center center","background-size":"auto","background-attachment":"scroll","background-type":"","background-media":"","overlay-type":"","overlay-color":"","overlay-gradient":""},"tablet":{"background-color":"","background-image":"","background-repeat":"repeat","background-position":"center center","background-size":"auto","background-attachment":"scroll","background-type":"","background-media":"","overlay-type":"","overlay-color":"","overlay-gradient":""},"mobile":{"background-color":"","background-image":"","background-repeat":"repeat","background-position":"center center","background-size":"auto","background-attachment":"scroll","background-type":"","background-media":"","overlay-type":"","overlay-color":"","overlay-gradient":""}},"ast-content-background-meta":{"desktop":{"background-color":"var(--ast-global-color-5)","background-image":"","background-repeat":"repeat","background-position":"center center","background-size":"auto","background-attachment":"scroll","background-type":"","background-media":"","overlay-type":"","overlay-color":"","overlay-gradient":""},"tablet":{"background-color":"var(--ast-global-color-5)","background-image":"","background-repeat":"repeat","background-position":"center center","background-size":"auto","background-attachment":"scroll","background-type":"","background-media":"","overlay-type":"","overlay-color":"","overlay-gradient":""},"mobile":{"background-color":"var(--ast-global-color-5)","background-image":"","background-repeat":"repeat","background-position":"center center","background-size":"auto","background-attachment":"scroll","background-type":"","background-media":"","overlay-type":"","overlay-color":"","overlay-gradient":""}},"footnotes":""},"class_list":["post-3115","page","type-page","status-publish","hentry"],"yoast_head":"<!-- This site is optimized with the Yoast SEO plugin v24.3 - https:\/\/yoast.com\/wordpress\/plugins\/seo\/ -->\n<title>G\u00fcnter Hayek &#8211; Primas Consulting GmbH<\/title>\n<meta name=\"robots\" content=\"index, follow, max-snippet:-1, max-image-preview:large, max-video-preview:-1\" \/>\n<link rel=\"canonical\" href=\"https:\/\/www.primas.at\/en\/guenter-hayek\/\" \/>\n<meta property=\"og:locale\" content=\"en_US\" \/>\n<meta property=\"og:type\" content=\"article\" \/>\n<meta property=\"og:title\" content=\"G\u00fcnter Hayek &#8211; Primas Consulting GmbH\" \/>\n<meta property=\"og:description\" content=\"g\u00fcnter.hayek@primas.at Mag. G\u00fcnter Hayek Trainer, consultant QUALIFICATIONS &#038; PROFESSIONAL EXPERIENCE Studied Law at the University of Vienna Legal departments of international industrial and construction companies&nbsp; CURRENT FOCUS Contract and procurement law &#8220;Legal project management&#8221; in crisis projects Judicial and extrajudicial disputes Editor of the journal for law in the construction industry\" \/>\n<meta property=\"og:url\" content=\"https:\/\/www.primas.at\/en\/guenter-hayek\/\" \/>\n<meta property=\"og:site_name\" content=\"Primas Consulting GmbH\" \/>\n<meta property=\"article:publisher\" content=\"https:\/\/www.facebook.com\/PrimasConsulting\/\" \/>\n<meta property=\"article:modified_time\" content=\"2021-01-10T22:23:45+00:00\" \/>\n<meta property=\"og:image\" content=\"https:\/\/www.primas.at\/wp-content\/uploads\/2020\/12\/guenter-hayek-scaled.jpg\" \/>\n<meta name=\"twitter:card\" content=\"summary_large_image\" \/>\n<script type=\"application\/ld+json\" class=\"yoast-schema-graph\">{\"@context\":\"https:\/\/schema.org\",\"@graph\":[{\"@type\":\"WebPage\",\"@id\":\"https:\/\/www.primas.at\/en\/guenter-hayek\/\",\"url\":\"https:\/\/www.primas.at\/en\/guenter-hayek\/\",\"name\":\"G\u00fcnter Hayek &#8211; Primas Consulting GmbH\",\"isPartOf\":{\"@id\":\"https:\/\/www.primas.at\/en\/#website\"},\"primaryImageOfPage\":{\"@id\":\"https:\/\/www.primas.at\/en\/guenter-hayek\/#primaryimage\"},\"image\":{\"@id\":\"https:\/\/www.primas.at\/en\/guenter-hayek\/#primaryimage\"},\"thumbnailUrl\":\"https:\/\/www.primas.at\/wp-content\/uploads\/2020\/12\/guenter-hayek-scaled.jpg\",\"datePublished\":\"2020-12-29T13:21:51+00:00\",\"dateModified\":\"2021-01-10T22:23:45+00:00\",\"breadcrumb\":{\"@id\":\"https:\/\/www.primas.at\/en\/guenter-hayek\/#breadcrumb\"},\"inLanguage\":\"en-US\",\"potentialAction\":[{\"@type\":\"ReadAction\",\"target\":[\"https:\/\/www.primas.at\/en\/guenter-hayek\/\"]}]},{\"@type\":\"ImageObject\",\"inLanguage\":\"en-US\",\"@id\":\"https:\/\/www.primas.at\/en\/guenter-hayek\/#primaryimage\",\"url\":\"https:\/\/www.primas.at\/wp-content\/uploads\/2020\/12\/guenter-hayek-scaled.jpg\",\"contentUrl\":\"https:\/\/www.primas.at\/wp-content\/uploads\/2020\/12\/guenter-hayek-scaled.jpg\"},{\"@type\":\"BreadcrumbList\",\"@id\":\"https:\/\/www.primas.at\/en\/guenter-hayek\/#breadcrumb\",\"itemListElement\":[{\"@type\":\"ListItem\",\"position\":1,\"name\":\"Startseite\",\"item\":\"https:\/\/www.primas.at\/en\/\"},{\"@type\":\"ListItem\",\"position\":2,\"name\":\"G\u00fcnter Hayek\"}]},{\"@type\":\"WebSite\",\"@id\":\"https:\/\/www.primas.at\/en\/#website\",\"url\":\"https:\/\/www.primas.at\/en\/\",\"name\":\"Primas Consulting GmbH\",\"description\":\"Projektmanagement &amp; Unternehmensberatung\",\"publisher\":{\"@id\":\"https:\/\/www.primas.at\/en\/#organization\"},\"potentialAction\":[{\"@type\":\"SearchAction\",\"target\":{\"@type\":\"EntryPoint\",\"urlTemplate\":\"https:\/\/www.primas.at\/en\/?s={search_term_string}\"},\"query-input\":{\"@type\":\"PropertyValueSpecification\",\"valueRequired\":true,\"valueName\":\"search_term_string\"}}],\"inLanguage\":\"en-US\"},{\"@type\":\"Organization\",\"@id\":\"https:\/\/www.primas.at\/en\/#organization\",\"name\":\"Primas Consulting GmbH\",\"url\":\"https:\/\/www.primas.at\/en\/\",\"logo\":{\"@type\":\"ImageObject\",\"inLanguage\":\"en-US\",\"@id\":\"https:\/\/www.primas.at\/en\/#\/schema\/logo\/image\/\",\"url\":\"https:\/\/www.primas.at\/wp-content\/uploads\/2020\/06\/primas-logo.png\",\"contentUrl\":\"https:\/\/www.primas.at\/wp-content\/uploads\/2020\/06\/primas-logo.png\",\"width\":788,\"height\":242,\"caption\":\"Primas Consulting GmbH\"},\"image\":{\"@id\":\"https:\/\/www.primas.at\/en\/#\/schema\/logo\/image\/\"},\"sameAs\":[\"https:\/\/www.facebook.com\/PrimasConsulting\/\",\"https:\/\/www.linkedin.com\/company\/primas-consulting\/\",\"https:\/\/www.youtube.com\/channel\/UCl5lmcHL4Q3LqXZDKpMx5ww\"]}]}<\/script>\n<!-- \/ Yoast SEO plugin. -->","yoast_head_json":{"title":"G\u00fcnter Hayek &#8211; Primas Consulting GmbH","robots":{"index":"index","follow":"follow","max-snippet":"max-snippet:-1","max-image-preview":"max-image-preview:large","max-video-preview":"max-video-preview:-1"},"canonical":"https:\/\/www.primas.at\/en\/guenter-hayek\/","og_locale":"en_US","og_type":"article","og_title":"G\u00fcnter Hayek &#8211; Primas Consulting GmbH","og_description":"g\u00fcnter.hayek@primas.at Mag. G\u00fcnter Hayek Trainer, consultant QUALIFICATIONS &#038; PROFESSIONAL EXPERIENCE Studied Law at the University of Vienna Legal departments of international industrial and construction companies&nbsp; CURRENT FOCUS Contract and procurement law &#8220;Legal project management&#8221; in crisis projects Judicial and extrajudicial disputes Editor of the journal for law in the construction industry","og_url":"https:\/\/www.primas.at\/en\/guenter-hayek\/","og_site_name":"Primas Consulting GmbH","article_publisher":"https:\/\/www.facebook.com\/PrimasConsulting\/","article_modified_time":"2021-01-10T22:23:45+00:00","og_image":[{"url":"https:\/\/www.primas.at\/wp-content\/uploads\/2020\/12\/guenter-hayek-scaled.jpg","type":"","width":"","height":""}],"twitter_card":"summary_large_image","schema":{"@context":"https:\/\/schema.org","@graph":[{"@type":"WebPage","@id":"https:\/\/www.primas.at\/en\/guenter-hayek\/","url":"https:\/\/www.primas.at\/en\/guenter-hayek\/","name":"G\u00fcnter Hayek &#8211; Primas Consulting GmbH","isPartOf":{"@id":"https:\/\/www.primas.at\/en\/#website"},"primaryImageOfPage":{"@id":"https:\/\/www.primas.at\/en\/guenter-hayek\/#primaryimage"},"image":{"@id":"https:\/\/www.primas.at\/en\/guenter-hayek\/#primaryimage"},"thumbnailUrl":"https:\/\/www.primas.at\/wp-content\/uploads\/2020\/12\/guenter-hayek-scaled.jpg","datePublished":"2020-12-29T13:21:51+00:00","dateModified":"2021-01-10T22:23:45+00:00","breadcrumb":{"@id":"https:\/\/www.primas.at\/en\/guenter-hayek\/#breadcrumb"},"inLanguage":"en-US","potentialAction":[{"@type":"ReadAction","target":["https:\/\/www.primas.at\/en\/guenter-hayek\/"]}]},{"@type":"ImageObject","inLanguage":"en-US","@id":"https:\/\/www.primas.at\/en\/guenter-hayek\/#primaryimage","url":"https:\/\/www.primas.at\/wp-content\/uploads\/2020\/12\/guenter-hayek-scaled.jpg","contentUrl":"https:\/\/www.primas.at\/wp-content\/uploads\/2020\/12\/guenter-hayek-scaled.jpg"},{"@type":"BreadcrumbList","@id":"https:\/\/www.primas.at\/en\/guenter-hayek\/#breadcrumb","itemListElement":[{"@type":"ListItem","position":1,"name":"Startseite","item":"https:\/\/www.primas.at\/en\/"},{"@type":"ListItem","position":2,"name":"G\u00fcnter Hayek"}]},{"@type":"WebSite","@id":"https:\/\/www.primas.at\/en\/#website","url":"https:\/\/www.primas.at\/en\/","name":"Primas Consulting GmbH","description":"Projektmanagement &amp; Unternehmensberatung","publisher":{"@id":"https:\/\/www.primas.at\/en\/#organization"},"potentialAction":[{"@type":"SearchAction","target":{"@type":"EntryPoint","urlTemplate":"https:\/\/www.primas.at\/en\/?s={search_term_string}"},"query-input":{"@type":"PropertyValueSpecification","valueRequired":true,"valueName":"search_term_string"}}],"inLanguage":"en-US"},{"@type":"Organization","@id":"https:\/\/www.primas.at\/en\/#organization","name":"Primas Consulting GmbH","url":"https:\/\/www.primas.at\/en\/","logo":{"@type":"ImageObject","inLanguage":"en-US","@id":"https:\/\/www.primas.at\/en\/#\/schema\/logo\/image\/","url":"https:\/\/www.primas.at\/wp-content\/uploads\/2020\/06\/primas-logo.png","contentUrl":"https:\/\/www.primas.at\/wp-content\/uploads\/2020\/06\/primas-logo.png","width":788,"height":242,"caption":"Primas Consulting GmbH"},"image":{"@id":"https:\/\/www.primas.at\/en\/#\/schema\/logo\/image\/"},"sameAs":["https:\/\/www.facebook.com\/PrimasConsulting\/","https:\/\/www.linkedin.com\/company\/primas-consulting\/","https:\/\/www.youtube.com\/channel\/UCl5lmcHL4Q3LqXZDKpMx5ww"]}]}},"_links":{"self":[{"href":"https:\/\/www.primas.at\/en\/wp-json\/wp\/v2\/pages\/3115"}],"collection":[{"href":"https:\/\/www.primas.at\/en\/wp-json\/wp\/v2\/pages"}],"about":[{"href":"https:\/\/www.primas.at\/en\/wp-json\/wp\/v2\/types\/page"}],"author":[{"embeddable":true,"href":"https:\/\/www.primas.at\/en\/wp-json\/wp\/v2\/users\/1"}],"replies":[{"embeddable":true,"href":"https:\/\/www.primas.at\/en\/wp-json\/wp\/v2\/comments?post=3115"}],"version-history":[{"count":0,"href":"https:\/\/www.primas.at\/en\/wp-json\/wp\/v2\/pages\/3115\/revisions"}],"wp:attachment":[{"href":"https:\/\/www.primas.at\/en\/wp-json\/wp\/v2\/media?parent=3115"}],"curies":[{"name":"wp","href":"https:\/\/api.w.org\/{rel}","templated":true}]}}